{"id":763,"date":"2022-10-31T02:05:56","date_gmt":"2022-10-31T01:05:56","guid":{"rendered":"http:\/\/atelier2011.sk\/?page_id=763"},"modified":"2023-06-19T22:50:03","modified_gmt":"2023-06-19T20:50:03","slug":"nova-cista-stranka-05","status":"publish","type":"page","link":"http:\/\/atelier2011.sk\/?page_id=763","title":{"rendered":"nov\u00e1 cista stranka 05"},"content":{"rendered":"<p>[vc_row 0=&#8220;&#8220;][vc_column 0=&#8220;&#8220;][vc_column_text 0=&#8220;&#8220;]<\/p>\n<h2><strong>k\u00fape\u013e\u0148e a toalety\u00a0<\/strong><\/h2>\n<p>Nez\u00e1le\u017e\u00ed na tom, \u010di je\u00a0ve\u013ek\u00e1 alebo mal\u00e1, ale na tom, \u010di sa tam budete c\u00edti\u0165 dobre. Pri v\u00fdbere \u0161t\u00fdlu a doplnkov sa ria\u010fte hlavne svojim vlastn\u00fdm pocitom a predstavami, a nebojte sa h\u013eada\u0165 aj experimentova\u0165. Niekedy sta\u010d\u00ed len dobr\u00fd n\u00e1vrh, kvalitn\u00e9 zariadenie k\u00fape\u013ene a vkusn\u00e9 obklady.[\/vc_column_text][\/vc_column][\/vc_row][vc_row 0=&#8220;&#8220;][vc_column width=&#8220;2\/3&#8243;][vc_images_carousel images=&#8220;932,936,933,934,935,937,938&#8243; img_size=&#8220;full&#8220; onclick=&#8220;link_no&#8220; speed=&#8220;3000&#8243;][\/vc_column][vc_column width=&#8220;1\/3&#8243;][vc_column_text 0=&#8220;&#8220;]<\/p>\n<h4><strong>N\u00e1vrh k\u00fape\u013e\u0148e a toalety pre deti v rodinnom dome v Tatranskej Lomnici<\/strong><\/h4>\n<p><strong>Realiz\u00e1cia &#8211; MaximDesign<\/strong><\/p>\n<p>Materi\u00e1l &#8211; d\u00fdha \/ mas\u00edv \/ lamin\u00e1t[\/vc_column_text][\/vc_column][\/vc_row][vc_row 0=&#8220;&#8220;][vc_column width=&#8220;2\/3&#8243;][vc_images_carousel images=&#8220;928,929,930,931&#8243; img_size=&#8220;full&#8220; onclick=&#8220;link_no&#8220; speed=&#8220;3000&#8243;][\/vc_column][vc_column width=&#8220;1\/3&#8243;][vc_column_text 0=&#8220;&#8220;]<\/p>\n<h4><strong>N\u00e1vrh k\u00fape\u013e\u0148e a toalety v rodinnom dome v Tatranskej Lomnici<\/strong><\/h4>\n<p><strong>Realiz\u00e1cia &#8211; MaximDesign<\/strong><\/p>\n<p>Materi\u00e1l &#8211; d\u00fdha \/ mas\u00edv \/ lamin\u00e1t[\/vc_column_text][\/vc_column][\/vc_row][vc_row 0=&#8220;&#8220;][vc_column width=&#8220;2\/3&#8243;][vc_images_carousel images=&#8220;461,462,463,464,690&#8243; img_size=&#8220;full&#8220; onclick=&#8220;link_no&#8220; speed=&#8220;3000&#8243;][\/vc_column][vc_column width=&#8220;1\/3&#8243;][vc_column_text 0=&#8220;&#8220;]<\/p>\n<h4><strong>N\u00e1vrh k\u00fape\u013e\u0148e a toalety v rodinnom dome v Tatranskej Lomnici<\/strong><\/h4>\n<p><strong>Realiz\u00e1cia &#8211; MaximDesign<\/strong><\/p>\n<p>Materi\u00e1l &#8211; d\u00fdha \/ mas\u00edv[\/vc_column_text][\/vc_column][\/vc_row][vc_row 0=&#8220;&#8220;][vc_column width=&#8220;2\/3&#8243;][vc_images_carousel images=&#8220;771,772,773,774,775,776,777,779&#8243; img_size=&#8220;full&#8220; onclick=&#8220;link_no&#8220; speed=&#8220;3000&#8243;][\/vc_column][vc_column width=&#8220;1\/3&#8243;][vc_column_text 0=&#8220;&#8220;]<\/p>\n<h4><strong>N\u00e1vrh k\u00fape\u013e\u0148e a toalety v bytovom dome v Bratislave<\/strong><\/h4>\n<p><strong>Realiz\u00e1cia &#8211; COCO WOOD\u00a0<\/strong><\/p>\n<p>Materi\u00e1l &#8211; lamin\u00e1t \/ mas\u00edv[\/vc_column_text][\/vc_column][\/vc_row]<\/p>\n","protected":false},"excerpt":{"rendered":"<p>[vc_row 0=&#8220;&#8220;][vc_column 0=&#8220;&#8220;][vc_column_text 0=&#8220;&#8220;] k\u00fape\u013e\u0148e a toalety\u00a0 Nez\u00e1le\u017e\u00ed na tom, \u010di je\u00a0ve\u013ek\u00e1 alebo mal\u00e1, ale na tom, \u010di sa tam budete c\u00edti\u0165 dobre. Pri v\u00fdbere \u0161t\u00fdlu a doplnkov sa ria\u010fte [&hellip;]<\/p>\n","protected":false},"author":1,"featured_media":0,"parent":0,"menu_order":0,"comment_status":"closed","ping_status":"closed","template":"","meta":{"_mi_skip_tracking":false},"yoast_head":"<!-- This site is optimized with the Yoast SEO plugin v19.14 - https:\/\/yoast.com\/wordpress\/plugins\/seo\/ -->\n<title>nov\u00e1 cista stranka 05 - Atelier2011<\/title>\n<meta name=\"robots\" content=\"index, follow, max-snippet:-1, max-image-preview:large, max-video-preview:-1\" \/>\n<link rel=\"canonical\" href=\"https:\/\/atelier2011.sk\/?page_id=763\" \/>\n<meta property=\"og:locale\" content=\"sk_SK\" \/>\n<meta property=\"og:type\" content=\"article\" \/>\n<meta property=\"og:title\" content=\"nov\u00e1 cista stranka 05 - Atelier2011\" \/>\n<meta property=\"og:description\" content=\"[vc_row 0=&#8220;&#8220;][vc_column 0=&#8220;&#8220;][vc_column_text 0=&#8220;&#8220;] k\u00fape\u013e\u0148e a toalety\u00a0 Nez\u00e1le\u017e\u00ed na tom, \u010di je\u00a0ve\u013ek\u00e1 alebo mal\u00e1, ale na tom, \u010di sa tam budete c\u00edti\u0165 dobre. Pri v\u00fdbere \u0161t\u00fdlu a doplnkov sa ria\u010fte [&hellip;]\" \/>\n<meta property=\"og:url\" content=\"https:\/\/atelier2011.sk\/?page_id=763\" \/>\n<meta property=\"og:site_name\" content=\"Atelier2011\" \/>\n<meta property=\"article:modified_time\" content=\"2023-06-19T20:50:03+00:00\" \/>\n<meta name=\"twitter:card\" content=\"summary_large_image\" \/>\n<meta name=\"twitter:label1\" content=\"Predpokladan\u00fd \u010das \u010d\u00edtania\" \/>\n\t<meta name=\"twitter:data1\" content=\"2 min\u00faty\" \/>\n<script type=\"application\/ld+json\" class=\"yoast-schema-graph\">{\"@context\":\"https:\/\/schema.org\",\"@graph\":[{\"@type\":\"WebPage\",\"@id\":\"https:\/\/atelier2011.sk\/?page_id=763\",\"url\":\"https:\/\/atelier2011.sk\/?page_id=763\",\"name\":\"nov\u00e1 cista stranka 05 - Atelier2011\",\"isPartOf\":{\"@id\":\"http:\/\/atelier2011.sk\/#website\"},\"datePublished\":\"2022-10-31T01:05:56+00:00\",\"dateModified\":\"2023-06-19T20:50:03+00:00\",\"breadcrumb\":{\"@id\":\"https:\/\/atelier2011.sk\/?page_id=763#breadcrumb\"},\"inLanguage\":\"sk-SK\",\"potentialAction\":[{\"@type\":\"ReadAction\",\"target\":[\"https:\/\/atelier2011.sk\/?page_id=763\"]}]},{\"@type\":\"BreadcrumbList\",\"@id\":\"https:\/\/atelier2011.sk\/?page_id=763#breadcrumb\",\"itemListElement\":[{\"@type\":\"ListItem\",\"position\":1,\"name\":\"Home\",\"item\":\"http:\/\/atelier2011.sk\/\"},{\"@type\":\"ListItem\",\"position\":2,\"name\":\"nov\u00e1 cista stranka 05\"}]},{\"@type\":\"WebSite\",\"@id\":\"http:\/\/atelier2011.sk\/#website\",\"url\":\"http:\/\/atelier2011.sk\/\",\"name\":\"Atelier2011\",\"description\":\"\",\"publisher\":{\"@id\":\"http:\/\/atelier2011.sk\/#organization\"},\"potentialAction\":[{\"@type\":\"SearchAction\",\"target\":{\"@type\":\"EntryPoint\",\"urlTemplate\":\"http:\/\/atelier2011.sk\/?s={search_term_string}\"},\"query-input\":\"required name=search_term_string\"}],\"inLanguage\":\"sk-SK\"},{\"@type\":\"Organization\",\"@id\":\"http:\/\/atelier2011.sk\/#organization\",\"name\":\"Atelier2011\",\"url\":\"http:\/\/atelier2011.sk\/\",\"logo\":{\"@type\":\"ImageObject\",\"inLanguage\":\"sk-SK\",\"@id\":\"http:\/\/atelier2011.sk\/#\/schema\/logo\/image\/\",\"url\":\"http:\/\/atelier2011.sk\/wp-content\/uploads\/2018\/05\/Bez-n\u00e1zvu-1-logo-2.bmp\",\"contentUrl\":\"http:\/\/atelier2011.sk\/wp-content\/uploads\/2018\/05\/Bez-n\u00e1zvu-1-logo-2.bmp\",\"width\":187,\"height\":114,\"caption\":\"Atelier2011\"},\"image\":{\"@id\":\"http:\/\/atelier2011.sk\/#\/schema\/logo\/image\/\"}}]}<\/script>\n<!-- \/ Yoast SEO plugin. -->","yoast_head_json":{"title":"nov\u00e1 cista stranka 05 - Atelier2011","robots":{"index":"index","follow":"follow","max-snippet":"max-snippet:-1","max-image-preview":"max-image-preview:large","max-video-preview":"max-video-preview:-1"},"canonical":"https:\/\/atelier2011.sk\/?page_id=763","og_locale":"sk_SK","og_type":"article","og_title":"nov\u00e1 cista stranka 05 - Atelier2011","og_description":"[vc_row 0=&#8220;&#8220;][vc_column 0=&#8220;&#8220;][vc_column_text 0=&#8220;&#8220;] k\u00fape\u013e\u0148e a toalety\u00a0 Nez\u00e1le\u017e\u00ed na tom, \u010di je\u00a0ve\u013ek\u00e1 alebo mal\u00e1, ale na tom, \u010di sa tam budete c\u00edti\u0165 dobre. Pri v\u00fdbere \u0161t\u00fdlu a doplnkov sa ria\u010fte [&hellip;]","og_url":"https:\/\/atelier2011.sk\/?page_id=763","og_site_name":"Atelier2011","article_modified_time":"2023-06-19T20:50:03+00:00","twitter_card":"summary_large_image","twitter_misc":{"Predpokladan\u00fd \u010das \u010d\u00edtania":"2 min\u00faty"},"schema":{"@context":"https:\/\/schema.org","@graph":[{"@type":"WebPage","@id":"https:\/\/atelier2011.sk\/?page_id=763","url":"https:\/\/atelier2011.sk\/?page_id=763","name":"nov\u00e1 cista stranka 05 - Atelier2011","isPartOf":{"@id":"http:\/\/atelier2011.sk\/#website"},"datePublished":"2022-10-31T01:05:56+00:00","dateModified":"2023-06-19T20:50:03+00:00","breadcrumb":{"@id":"https:\/\/atelier2011.sk\/?page_id=763#breadcrumb"},"inLanguage":"sk-SK","potentialAction":[{"@type":"ReadAction","target":["https:\/\/atelier2011.sk\/?page_id=763"]}]},{"@type":"BreadcrumbList","@id":"https:\/\/atelier2011.sk\/?page_id=763#breadcrumb","itemListElement":[{"@type":"ListItem","position":1,"name":"Home","item":"http:\/\/atelier2011.sk\/"},{"@type":"ListItem","position":2,"name":"nov\u00e1 cista stranka 05"}]},{"@type":"WebSite","@id":"http:\/\/atelier2011.sk\/#website","url":"http:\/\/atelier2011.sk\/","name":"Atelier2011","description":"","publisher":{"@id":"http:\/\/atelier2011.sk\/#organization"},"potentialAction":[{"@type":"SearchAction","target":{"@type":"EntryPoint","urlTemplate":"http:\/\/atelier2011.sk\/?s={search_term_string}"},"query-input":"required name=search_term_string"}],"inLanguage":"sk-SK"},{"@type":"Organization","@id":"http:\/\/atelier2011.sk\/#organization","name":"Atelier2011","url":"http:\/\/atelier2011.sk\/","logo":{"@type":"ImageObject","inLanguage":"sk-SK","@id":"http:\/\/atelier2011.sk\/#\/schema\/logo\/image\/","url":"http:\/\/atelier2011.sk\/wp-content\/uploads\/2018\/05\/Bez-n\u00e1zvu-1-logo-2.bmp","contentUrl":"http:\/\/atelier2011.sk\/wp-content\/uploads\/2018\/05\/Bez-n\u00e1zvu-1-logo-2.bmp","width":187,"height":114,"caption":"Atelier2011"},"image":{"@id":"http:\/\/atelier2011.sk\/#\/schema\/logo\/image\/"}}]}},"_links":{"self":[{"href":"http:\/\/atelier2011.sk\/index.php?rest_route=\/wp\/v2\/pages\/763"}],"collection":[{"href":"http:\/\/atelier2011.sk\/index.php?rest_route=\/wp\/v2\/pages"}],"about":[{"href":"http:\/\/atelier2011.sk\/index.php?rest_route=\/wp\/v2\/types\/page"}],"author":[{"embeddable":true,"href":"http:\/\/atelier2011.sk\/index.php?rest_route=\/wp\/v2\/users\/1"}],"replies":[{"embeddable":true,"href":"http:\/\/atelier2011.sk\/index.php?rest_route=%2Fwp%2Fv2%2Fcomments&post=763"}],"version-history":[{"count":6,"href":"http:\/\/atelier2011.sk\/index.php?rest_route=\/wp\/v2\/pages\/763\/revisions"}],"predecessor-version":[{"id":940,"href":"http:\/\/atelier2011.sk\/index.php?rest_route=\/wp\/v2\/pages\/763\/revisions\/940"}],"wp:attachment":[{"href":"http:\/\/atelier2011.sk\/index.php?rest_route=%2Fwp%2Fv2%2Fmedia&parent=763"}],"curies":[{"name":"wp","href":"https:\/\/api.w.org\/{rel}","templated":true}]}}