{"id":725,"date":"2022-10-30T23:20:38","date_gmt":"2022-10-30T22:20:38","guid":{"rendered":"http:\/\/atelier2011.sk\/?page_id=725"},"modified":"2022-10-31T02:12:17","modified_gmt":"2022-10-31T01:12:17","slug":"nova-prazdna-stranka","status":"publish","type":"page","link":"http:\/\/atelier2011.sk\/?page_id=725","title":{"rendered":"nova prazdna stranka"},"content":{"rendered":"<p>[vc_row][vc_column][vc_column_text]<\/p>\n<h2><strong>detsk\u00e9 a \u0161tudentsk\u00e9 izby<\/strong><\/h2>\n<p>Pre deti je d\u00f4le\u017eit\u00e9 aby mali bezpe\u010dn\u00fd a kreat\u00edvny priestor. Vytvorenie pr\u00edjemnej a zauj\u00edmavej izby pre deti je naozaj n\u00e1ro\u010dn\u00e1 \u00faloha pre ka\u017ed\u00e9ho rodi\u010da. Preto by ste mali pozna\u0165 v\u0161etky ich potreby a t\u00fa\u017eby, aby ste vytvorili kvalitn\u00fa a pohodln\u00fa detsk\u00fa izbu.[\/vc_column_text][\/vc_column][\/vc_row][vc_row][vc_column][\/vc_column][\/vc_row][vc_row 0=&#8220;&#8220;][vc_column width=&#8220;2\/3&#8243;][vc_images_carousel images=&#8220;480,481,482,483,484,485,486,487,707&#8243; img_size=&#8220;full&#8220; onclick=&#8220;link_no&#8220; speed=&#8220;3000&#8243;][\/vc_column][vc_column width=&#8220;1\/3&#8243;][vc_column_text 0=&#8220;&#8220;]<\/p>\n<h4><strong>N\u00e1vrh a realiz\u00e1cia detsk\u00e9j izby v 3 izbovom bytovom dome v Bratislave<\/strong><\/h4>\n<p><strong>Realiz\u00e1cia &#8211; COCO WOOD<\/strong><\/p>\n<p>Materi\u00e1l &#8211; lamin\u00e1t[\/vc_column_text][\/vc_column][\/vc_row][vc_row 0=&#8220;&#8220;][vc_column width=&#8220;2\/3&#8243;][vc_images_carousel images=&#8220;754,755,756,757,758,759,760&#8243; img_size=&#8220;full&#8220; onclick=&#8220;link_no&#8220; speed=&#8220;3000&#8243;][\/vc_column][vc_column width=&#8220;1\/3&#8243;][vc_column_text 0=&#8220;&#8220;]<\/p>\n<h4><strong>N\u00e1vrh a realiz\u00e1cia detsk\u00e9j izby v 3 izbovom bytovom dome v Bratislave<\/strong><\/h4>\n<p><strong>Realiz\u00e1cia &#8211; MaximDesign<\/strong><\/p>\n<p>Materi\u00e1l &#8211; lamin\u00e1t \/ d\u00fdha \/ mas\u00edv[\/vc_column_text][\/vc_column][\/vc_row]<\/p>\n","protected":false},"excerpt":{"rendered":"<p>[vc_row][vc_column][vc_column_text] detsk\u00e9 a \u0161tudentsk\u00e9 izby Pre deti je d\u00f4le\u017eit\u00e9 aby mali bezpe\u010dn\u00fd a kreat\u00edvny priestor. Vytvorenie pr\u00edjemnej a zauj\u00edmavej izby pre deti je naozaj n\u00e1ro\u010dn\u00e1 \u00faloha pre ka\u017ed\u00e9ho rodi\u010da. Preto [&hellip;]<\/p>\n","protected":false},"author":1,"featured_media":0,"parent":0,"menu_order":0,"comment_status":"closed","ping_status":"closed","template":"","meta":{"_mi_skip_tracking":false},"yoast_head":"<!-- This site is optimized with the Yoast SEO plugin v19.14 - https:\/\/yoast.com\/wordpress\/plugins\/seo\/ -->\n<title>nova prazdna stranka - Atelier2011<\/title>\n<meta name=\"robots\" content=\"index, follow, max-snippet:-1, max-image-preview:large, max-video-preview:-1\" \/>\n<link rel=\"canonical\" href=\"https:\/\/atelier2011.sk\/?page_id=725\" \/>\n<meta property=\"og:locale\" content=\"sk_SK\" \/>\n<meta property=\"og:type\" content=\"article\" \/>\n<meta property=\"og:title\" content=\"nova prazdna stranka - Atelier2011\" \/>\n<meta property=\"og:description\" content=\"[vc_row][vc_column][vc_column_text] detsk\u00e9 a \u0161tudentsk\u00e9 izby Pre deti je d\u00f4le\u017eit\u00e9 aby mali bezpe\u010dn\u00fd a kreat\u00edvny priestor. Vytvorenie pr\u00edjemnej a zauj\u00edmavej izby pre deti je naozaj n\u00e1ro\u010dn\u00e1 \u00faloha pre ka\u017ed\u00e9ho rodi\u010da. Preto [&hellip;]\" \/>\n<meta property=\"og:url\" content=\"https:\/\/atelier2011.sk\/?page_id=725\" \/>\n<meta property=\"og:site_name\" content=\"Atelier2011\" \/>\n<meta property=\"article:modified_time\" content=\"2022-10-31T01:12:17+00:00\" \/>\n<meta name=\"twitter:card\" content=\"summary_large_image\" \/>\n<meta name=\"twitter:label1\" content=\"Predpokladan\u00fd \u010das \u010d\u00edtania\" \/>\n\t<meta name=\"twitter:data1\" content=\"1 min\u00fata\" \/>\n<script type=\"application\/ld+json\" class=\"yoast-schema-graph\">{\"@context\":\"https:\/\/schema.org\",\"@graph\":[{\"@type\":\"WebPage\",\"@id\":\"https:\/\/atelier2011.sk\/?page_id=725\",\"url\":\"https:\/\/atelier2011.sk\/?page_id=725\",\"name\":\"nova prazdna stranka - Atelier2011\",\"isPartOf\":{\"@id\":\"http:\/\/atelier2011.sk\/#website\"},\"datePublished\":\"2022-10-30T22:20:38+00:00\",\"dateModified\":\"2022-10-31T01:12:17+00:00\",\"breadcrumb\":{\"@id\":\"https:\/\/atelier2011.sk\/?page_id=725#breadcrumb\"},\"inLanguage\":\"sk-SK\",\"potentialAction\":[{\"@type\":\"ReadAction\",\"target\":[\"https:\/\/atelier2011.sk\/?page_id=725\"]}]},{\"@type\":\"BreadcrumbList\",\"@id\":\"https:\/\/atelier2011.sk\/?page_id=725#breadcrumb\",\"itemListElement\":[{\"@type\":\"ListItem\",\"position\":1,\"name\":\"Home\",\"item\":\"http:\/\/atelier2011.sk\/\"},{\"@type\":\"ListItem\",\"position\":2,\"name\":\"nova prazdna stranka\"}]},{\"@type\":\"WebSite\",\"@id\":\"http:\/\/atelier2011.sk\/#website\",\"url\":\"http:\/\/atelier2011.sk\/\",\"name\":\"Atelier2011\",\"description\":\"\",\"publisher\":{\"@id\":\"http:\/\/atelier2011.sk\/#organization\"},\"potentialAction\":[{\"@type\":\"SearchAction\",\"target\":{\"@type\":\"EntryPoint\",\"urlTemplate\":\"http:\/\/atelier2011.sk\/?s={search_term_string}\"},\"query-input\":\"required name=search_term_string\"}],\"inLanguage\":\"sk-SK\"},{\"@type\":\"Organization\",\"@id\":\"http:\/\/atelier2011.sk\/#organization\",\"name\":\"Atelier2011\",\"url\":\"http:\/\/atelier2011.sk\/\",\"logo\":{\"@type\":\"ImageObject\",\"inLanguage\":\"sk-SK\",\"@id\":\"http:\/\/atelier2011.sk\/#\/schema\/logo\/image\/\",\"url\":\"http:\/\/atelier2011.sk\/wp-content\/uploads\/2018\/05\/Bez-n\u00e1zvu-1-logo-2.bmp\",\"contentUrl\":\"http:\/\/atelier2011.sk\/wp-content\/uploads\/2018\/05\/Bez-n\u00e1zvu-1-logo-2.bmp\",\"width\":187,\"height\":114,\"caption\":\"Atelier2011\"},\"image\":{\"@id\":\"http:\/\/atelier2011.sk\/#\/schema\/logo\/image\/\"}}]}<\/script>\n<!-- \/ Yoast SEO plugin. -->","yoast_head_json":{"title":"nova prazdna stranka - Atelier2011","robots":{"index":"index","follow":"follow","max-snippet":"max-snippet:-1","max-image-preview":"max-image-preview:large","max-video-preview":"max-video-preview:-1"},"canonical":"https:\/\/atelier2011.sk\/?page_id=725","og_locale":"sk_SK","og_type":"article","og_title":"nova prazdna stranka - Atelier2011","og_description":"[vc_row][vc_column][vc_column_text] detsk\u00e9 a \u0161tudentsk\u00e9 izby Pre deti je d\u00f4le\u017eit\u00e9 aby mali bezpe\u010dn\u00fd a kreat\u00edvny priestor. Vytvorenie pr\u00edjemnej a zauj\u00edmavej izby pre deti je naozaj n\u00e1ro\u010dn\u00e1 \u00faloha pre ka\u017ed\u00e9ho rodi\u010da. Preto [&hellip;]","og_url":"https:\/\/atelier2011.sk\/?page_id=725","og_site_name":"Atelier2011","article_modified_time":"2022-10-31T01:12:17+00:00","twitter_card":"summary_large_image","twitter_misc":{"Predpokladan\u00fd \u010das \u010d\u00edtania":"1 min\u00fata"},"schema":{"@context":"https:\/\/schema.org","@graph":[{"@type":"WebPage","@id":"https:\/\/atelier2011.sk\/?page_id=725","url":"https:\/\/atelier2011.sk\/?page_id=725","name":"nova prazdna stranka - Atelier2011","isPartOf":{"@id":"http:\/\/atelier2011.sk\/#website"},"datePublished":"2022-10-30T22:20:38+00:00","dateModified":"2022-10-31T01:12:17+00:00","breadcrumb":{"@id":"https:\/\/atelier2011.sk\/?page_id=725#breadcrumb"},"inLanguage":"sk-SK","potentialAction":[{"@type":"ReadAction","target":["https:\/\/atelier2011.sk\/?page_id=725"]}]},{"@type":"BreadcrumbList","@id":"https:\/\/atelier2011.sk\/?page_id=725#breadcrumb","itemListElement":[{"@type":"ListItem","position":1,"name":"Home","item":"http:\/\/atelier2011.sk\/"},{"@type":"ListItem","position":2,"name":"nova prazdna stranka"}]},{"@type":"WebSite","@id":"http:\/\/atelier2011.sk\/#website","url":"http:\/\/atelier2011.sk\/","name":"Atelier2011","description":"","publisher":{"@id":"http:\/\/atelier2011.sk\/#organization"},"potentialAction":[{"@type":"SearchAction","target":{"@type":"EntryPoint","urlTemplate":"http:\/\/atelier2011.sk\/?s={search_term_string}"},"query-input":"required name=search_term_string"}],"inLanguage":"sk-SK"},{"@type":"Organization","@id":"http:\/\/atelier2011.sk\/#organization","name":"Atelier2011","url":"http:\/\/atelier2011.sk\/","logo":{"@type":"ImageObject","inLanguage":"sk-SK","@id":"http:\/\/atelier2011.sk\/#\/schema\/logo\/image\/","url":"http:\/\/atelier2011.sk\/wp-content\/uploads\/2018\/05\/Bez-n\u00e1zvu-1-logo-2.bmp","contentUrl":"http:\/\/atelier2011.sk\/wp-content\/uploads\/2018\/05\/Bez-n\u00e1zvu-1-logo-2.bmp","width":187,"height":114,"caption":"Atelier2011"},"image":{"@id":"http:\/\/atelier2011.sk\/#\/schema\/logo\/image\/"}}]}},"_links":{"self":[{"href":"http:\/\/atelier2011.sk\/index.php?rest_route=\/wp\/v2\/pages\/725"}],"collection":[{"href":"http:\/\/atelier2011.sk\/index.php?rest_route=\/wp\/v2\/pages"}],"about":[{"href":"http:\/\/atelier2011.sk\/index.php?rest_route=\/wp\/v2\/types\/page"}],"author":[{"embeddable":true,"href":"http:\/\/atelier2011.sk\/index.php?rest_route=\/wp\/v2\/users\/1"}],"replies":[{"embeddable":true,"href":"http:\/\/atelier2011.sk\/index.php?rest_route=%2Fwp%2Fv2%2Fcomments&post=725"}],"version-history":[{"count":6,"href":"http:\/\/atelier2011.sk\/index.php?rest_route=\/wp\/v2\/pages\/725\/revisions"}],"predecessor-version":[{"id":768,"href":"http:\/\/atelier2011.sk\/index.php?rest_route=\/wp\/v2\/pages\/725\/revisions\/768"}],"wp:attachment":[{"href":"http:\/\/atelier2011.sk\/index.php?rest_route=%2Fwp%2Fv2%2Fmedia&parent=725"}],"curies":[{"name":"wp","href":"https:\/\/api.w.org\/{rel}","templated":true}]}}