{"id":6,"date":"2017-03-20T12:50:40","date_gmt":"2017-03-20T11:50:40","guid":{"rendered":"http:\/\/www.wstudio.wilylab.com\/artist\/?page_id=6"},"modified":"2022-10-31T00:58:43","modified_gmt":"2022-10-30T23:58:43","slug":"home","status":"publish","type":"page","link":"http:\/\/atelier2011.sk\/","title":{"rendered":""},"content":{"rendered":"<p>[vc_row][vc_column][vc_column_text css_animation=&#8220;fadeInUpBig&#8220;][\/vc_column_text][vc_single_image image=&#8220;651&#8243; img_size=&#8220;1300&#215;700&#8243; alignment=&#8220;center&#8220; css_animation=&#8220;none&#8220;][\/vc_column][\/vc_row][vc_row][vc_column][vc_column_text]<\/p>\n<h5><\/h5>\n<h2><strong>ateli\u00e9r interierov\u00e9ho dizajnu <\/strong><\/h2>\n<h5><strong>Spolupr\u00e1ca, kreativita a profesionalita<\/strong> s\u00fa z\u00e1kladn\u00fdmi princ\u00edpmi ATELIER 20-11. Na\u0161\u00edm hlavn\u00fdm cie\u013eom je pochopi\u0165 va\u0161e potreby a poskytn\u00fa\u0165 v\u00e1m najvhodnej\u0161ie rie\u0161enie pre n\u00e1vrh a\u00a0realiz\u00e1ciu.<\/h5>\n<h5>Vo v\u0161etk\u00fdch na\u0161ich projektoch sa sna\u017e\u00edme o rovnov\u00e1hu medzi technick\u00fdm rie\u0161en\u00edm, ergon\u00f3miou n\u00e1bytku a estetikou. Na\u0161e sk\u00fasenosti ukazuj\u00fa, \u017ee em\u00f3cia, ktor\u00fa by mal interi\u00e9r vyvola\u0165, je rovnako d\u00f4le\u017eit\u00e1 ako funkcia.<\/h5>\n<h5>Transparentnos\u0165 a vz\u00e1jomn\u00e1 d\u00f4vera s\u00fa z\u00e1kladn\u00e9 hodnoty, ktor\u00e9 riadia na\u0161u spolo\u010dnos\u0165. Ak h\u013ead\u00e1te spo\u013eahliv\u00e9ho a inovat\u00edvneho obchodn\u00e9ho partnera, ste na spr\u00e1vnom mieste.<\/h5>\n<h5>Ateli\u00e9r interierov\u00e9ho dizajnu atelier 20-11\u00a0vznikol dlhodobou spolupr\u00e1cou Mgr. art. Michala Cic\u00e1ka a\u00a0Tibora \u0160imeka v Bratislave\u00a0v roku 2017\u00a0po viac ako 10 ro\u010dn\u00fdch sk\u00fasenostiach v\u00a0oblasti v\u00fdroby n\u00e1bytkov a\u00a0realiz\u00e1cie interi\u00e9rov. M\u00e1me za sebou vy\u0161e 1000 zrealizovan\u00fdch interi\u00e9rov po celej strednej Eur\u00f3pe.<\/h5>\n<h5><\/h5>\n<h5>Klientom pon\u00fakame kompletn\u00fd servis poradenstva, vyhotoven\u00edm v\u0161etk\u00fdch potrebn\u00fdch v\u00fdkresov\u00fdch dokument\u00e1ci\u00ed a\u00a03D\u00a0vizualiz\u00e1ci\u00ed, organiz\u00e1ciou a vyhodnoten\u00edm v\u00fdberov\u00fdch konan\u00ed pre v\u00fdber vhodn\u00fdch dod\u00e1vate\u013eov.<\/h5>\n<p>[\/vc_column_text][\/vc_column][\/vc_row]<\/p>\n","protected":false},"excerpt":{"rendered":"<p>[vc_row][vc_column][vc_column_text css_animation=&#8220;fadeInUpBig&#8220;][\/vc_column_text][vc_single_image image=&#8220;651&#8243; img_size=&#8220;1300&#215;700&#8243; alignment=&#8220;center&#8220; css_animation=&#8220;none&#8220;][\/vc_column][\/vc_row][vc_row][vc_column][vc_column_text] ateli\u00e9r interierov\u00e9ho dizajnu Spolupr\u00e1ca, kreativita a profesionalita s\u00fa z\u00e1kladn\u00fdmi princ\u00edpmi ATELIER 20-11. Na\u0161\u00edm hlavn\u00fdm cie\u013eom je pochopi\u0165 va\u0161e potreby a poskytn\u00fa\u0165 v\u00e1m najvhodnej\u0161ie rie\u0161enie [&hellip;]<\/p>\n","protected":false},"author":1,"featured_media":0,"parent":0,"menu_order":1,"comment_status":"closed","ping_status":"closed","template":"","meta":{"_mi_skip_tracking":false},"yoast_head":"<!-- This site is optimized with the Yoast SEO plugin v19.14 - https:\/\/yoast.com\/wordpress\/plugins\/seo\/ -->\n<title>- Atelier2011<\/title>\n<meta name=\"robots\" content=\"index, follow, max-snippet:-1, max-image-preview:large, max-video-preview:-1\" \/>\n<link rel=\"canonical\" href=\"http:\/\/atelier2011.sk\/\" \/>\n<meta property=\"og:locale\" content=\"sk_SK\" \/>\n<meta property=\"og:type\" content=\"article\" \/>\n<meta property=\"og:title\" content=\"- Atelier2011\" \/>\n<meta property=\"og:description\" content=\"[vc_row][vc_column][vc_column_text css_animation=&#8220;fadeInUpBig&#8220;][\/vc_column_text][vc_single_image image=&#8220;651&#8243; img_size=&#8220;1300&#215;700&#8243; alignment=&#8220;center&#8220; css_animation=&#8220;none&#8220;][\/vc_column][\/vc_row][vc_row][vc_column][vc_column_text] ateli\u00e9r interierov\u00e9ho dizajnu Spolupr\u00e1ca, kreativita a profesionalita s\u00fa z\u00e1kladn\u00fdmi princ\u00edpmi ATELIER 20-11. Na\u0161\u00edm hlavn\u00fdm cie\u013eom je pochopi\u0165 va\u0161e potreby a poskytn\u00fa\u0165 v\u00e1m najvhodnej\u0161ie rie\u0161enie [&hellip;]\" \/>\n<meta property=\"og:url\" content=\"http:\/\/atelier2011.sk\/\" \/>\n<meta property=\"og:site_name\" content=\"Atelier2011\" \/>\n<meta property=\"article:modified_time\" content=\"2022-10-30T23:58:43+00:00\" \/>\n<meta name=\"twitter:card\" content=\"summary_large_image\" \/>\n<meta name=\"twitter:label1\" content=\"Predpokladan\u00fd \u010das \u010d\u00edtania\" \/>\n\t<meta name=\"twitter:data1\" content=\"1 min\u00fata\" \/>\n<script type=\"application\/ld+json\" class=\"yoast-schema-graph\">{\"@context\":\"https:\/\/schema.org\",\"@graph\":[{\"@type\":\"WebPage\",\"@id\":\"http:\/\/atelier2011.sk\/\",\"url\":\"http:\/\/atelier2011.sk\/\",\"name\":\"- Atelier2011\",\"isPartOf\":{\"@id\":\"http:\/\/atelier2011.sk\/#website\"},\"datePublished\":\"2017-03-20T11:50:40+00:00\",\"dateModified\":\"2022-10-30T23:58:43+00:00\",\"inLanguage\":\"sk-SK\",\"potentialAction\":[{\"@type\":\"ReadAction\",\"target\":[\"http:\/\/atelier2011.sk\/\"]}]},{\"@type\":\"WebSite\",\"@id\":\"http:\/\/atelier2011.sk\/#website\",\"url\":\"http:\/\/atelier2011.sk\/\",\"name\":\"Atelier2011\",\"description\":\"\",\"publisher\":{\"@id\":\"http:\/\/atelier2011.sk\/#organization\"},\"potentialAction\":[{\"@type\":\"SearchAction\",\"target\":{\"@type\":\"EntryPoint\",\"urlTemplate\":\"http:\/\/atelier2011.sk\/?s={search_term_string}\"},\"query-input\":\"required name=search_term_string\"}],\"inLanguage\":\"sk-SK\"},{\"@type\":\"Organization\",\"@id\":\"http:\/\/atelier2011.sk\/#organization\",\"name\":\"Atelier2011\",\"url\":\"http:\/\/atelier2011.sk\/\",\"logo\":{\"@type\":\"ImageObject\",\"inLanguage\":\"sk-SK\",\"@id\":\"http:\/\/atelier2011.sk\/#\/schema\/logo\/image\/\",\"url\":\"http:\/\/atelier2011.sk\/wp-content\/uploads\/2018\/05\/Bez-n\u00e1zvu-1-logo-2.bmp\",\"contentUrl\":\"http:\/\/atelier2011.sk\/wp-content\/uploads\/2018\/05\/Bez-n\u00e1zvu-1-logo-2.bmp\",\"width\":187,\"height\":114,\"caption\":\"Atelier2011\"},\"image\":{\"@id\":\"http:\/\/atelier2011.sk\/#\/schema\/logo\/image\/\"}}]}<\/script>\n<!-- \/ Yoast SEO plugin. -->","yoast_head_json":{"title":"- Atelier2011","robots":{"index":"index","follow":"follow","max-snippet":"max-snippet:-1","max-image-preview":"max-image-preview:large","max-video-preview":"max-video-preview:-1"},"canonical":"http:\/\/atelier2011.sk\/","og_locale":"sk_SK","og_type":"article","og_title":"- Atelier2011","og_description":"[vc_row][vc_column][vc_column_text css_animation=&#8220;fadeInUpBig&#8220;][\/vc_column_text][vc_single_image image=&#8220;651&#8243; img_size=&#8220;1300&#215;700&#8243; alignment=&#8220;center&#8220; css_animation=&#8220;none&#8220;][\/vc_column][\/vc_row][vc_row][vc_column][vc_column_text] ateli\u00e9r interierov\u00e9ho dizajnu Spolupr\u00e1ca, kreativita a profesionalita s\u00fa z\u00e1kladn\u00fdmi princ\u00edpmi ATELIER 20-11. Na\u0161\u00edm hlavn\u00fdm cie\u013eom je pochopi\u0165 va\u0161e potreby a poskytn\u00fa\u0165 v\u00e1m najvhodnej\u0161ie rie\u0161enie [&hellip;]","og_url":"http:\/\/atelier2011.sk\/","og_site_name":"Atelier2011","article_modified_time":"2022-10-30T23:58:43+00:00","twitter_card":"summary_large_image","twitter_misc":{"Predpokladan\u00fd \u010das \u010d\u00edtania":"1 min\u00fata"},"schema":{"@context":"https:\/\/schema.org","@graph":[{"@type":"WebPage","@id":"http:\/\/atelier2011.sk\/","url":"http:\/\/atelier2011.sk\/","name":"- Atelier2011","isPartOf":{"@id":"http:\/\/atelier2011.sk\/#website"},"datePublished":"2017-03-20T11:50:40+00:00","dateModified":"2022-10-30T23:58:43+00:00","inLanguage":"sk-SK","potentialAction":[{"@type":"ReadAction","target":["http:\/\/atelier2011.sk\/"]}]},{"@type":"WebSite","@id":"http:\/\/atelier2011.sk\/#website","url":"http:\/\/atelier2011.sk\/","name":"Atelier2011","description":"","publisher":{"@id":"http:\/\/atelier2011.sk\/#organization"},"potentialAction":[{"@type":"SearchAction","target":{"@type":"EntryPoint","urlTemplate":"http:\/\/atelier2011.sk\/?s={search_term_string}"},"query-input":"required name=search_term_string"}],"inLanguage":"sk-SK"},{"@type":"Organization","@id":"http:\/\/atelier2011.sk\/#organization","name":"Atelier2011","url":"http:\/\/atelier2011.sk\/","logo":{"@type":"ImageObject","inLanguage":"sk-SK","@id":"http:\/\/atelier2011.sk\/#\/schema\/logo\/image\/","url":"http:\/\/atelier2011.sk\/wp-content\/uploads\/2018\/05\/Bez-n\u00e1zvu-1-logo-2.bmp","contentUrl":"http:\/\/atelier2011.sk\/wp-content\/uploads\/2018\/05\/Bez-n\u00e1zvu-1-logo-2.bmp","width":187,"height":114,"caption":"Atelier2011"},"image":{"@id":"http:\/\/atelier2011.sk\/#\/schema\/logo\/image\/"}}]}},"_links":{"self":[{"href":"http:\/\/atelier2011.sk\/index.php?rest_route=\/wp\/v2\/pages\/6"}],"collection":[{"href":"http:\/\/atelier2011.sk\/index.php?rest_route=\/wp\/v2\/pages"}],"about":[{"href":"http:\/\/atelier2011.sk\/index.php?rest_route=\/wp\/v2\/types\/page"}],"author":[{"embeddable":true,"href":"http:\/\/atelier2011.sk\/index.php?rest_route=\/wp\/v2\/users\/1"}],"replies":[{"embeddable":true,"href":"http:\/\/atelier2011.sk\/index.php?rest_route=%2Fwp%2Fv2%2Fcomments&post=6"}],"version-history":[{"count":6,"href":"http:\/\/atelier2011.sk\/index.php?rest_route=\/wp\/v2\/pages\/6\/revisions"}],"predecessor-version":[{"id":742,"href":"http:\/\/atelier2011.sk\/index.php?rest_route=\/wp\/v2\/pages\/6\/revisions\/742"}],"wp:attachment":[{"href":"http:\/\/atelier2011.sk\/index.php?rest_route=%2Fwp%2Fv2%2Fmedia&parent=6"}],"curies":[{"name":"wp","href":"https:\/\/api.w.org\/{rel}","templated":true}]}}