{"id":17,"date":"2017-03-20T12:52:03","date_gmt":"2017-03-20T12:52:03","guid":{"rendered":"http:\/\/www.wstudio.wilylab.com\/artist\/?page_id=17"},"modified":"2022-10-30T19:38:11","modified_gmt":"2022-10-30T18:38:11","slug":"contact","status":"publish","type":"page","link":"http:\/\/atelier2011.sk\/?page_id=17","title":{"rendered":""},"content":{"rendered":"<p>[vc_row][vc_column width=&#8220;1\/3&#8243;][vc_column_text]<strong>Mgr. art. Michal Cic\u00e1k<\/strong><br \/>\ninterierov\u00fd dizajn\u00e9r<\/p>\n<p>+421 908 329 986<br \/>\n<a href=\"mailto:cicak@prodan.sk\">cicak@atelier2011.sk<\/a><\/p>\n<p>&nbsp;<\/p>\n<p><strong>Tibor \u0160imek<\/strong><br \/>\nobchod \/ vizualiz\u00e1cie<\/p>\n<p>+421 948 611 000<br \/>\n<a href=\"mailto:cicak@prodan.sk\">simek@atelier2011.sk<\/a>[\/vc_column_text][\/vc_column][vc_column width=&#8220;1\/3&#8243;][vc_column_text][\/vc_column_text][vc_column_text]<\/p>\n<p style=\"text-align: left; padding-left: 80px;\"><strong>Kancel\u00e1ria<\/strong><br \/>\natelier 20-11<br \/>\nN\u00e1dra\u017en\u00e1 34<br \/>\n900 28 Ivanka pri Dunaji<\/p>\n<p>&nbsp;[\/vc_column_text][\/vc_column][vc_column width=&#8220;1\/3&#8243;][vc_column_text]<\/p>\n<p style=\"text-align: left; padding-left: 120px;\"><strong>S\u00eddlo<\/strong><br \/>\nAtelier 20-11, s.r.o.<br \/>\nFra\u0148a Kr\u00e1\u013ea 196\/22<br \/>\n059 21\u00a0Svit<\/p>\n<p style=\"text-align: left; padding-left: 120px;\">I\u010cO &#8211; 51658721<\/p>\n<p style=\"text-align: left; padding-left: 120px;\">DI\u010c &#8211; 2120741216<\/p>\n<p style=\"text-align: left; padding-left: 120px;\">I\u010c DPH &#8211; SK2120741216<\/p>\n<p style=\"text-align: left; padding-left: 120px;\"><strong>\u010cislo \u00fa\u010dtu :<\/strong><br \/>\n<strong>IBAN :\u00a0SK74 0200 0000 0039 6446 1753<\/strong><\/p>\n<p>[\/vc_column_text][\/vc_column][\/vc_row][vc_row][vc_column][vc_single_image image=&#8220;564&#8243; img_size=&#8220;full&#8220; alignment=&#8220;center&#8220; style=&#8220;vc_box_rounded&#8220; css_animation=&#8220;none&#8220;][\/vc_column][\/vc_row]<\/p>\n","protected":false},"excerpt":{"rendered":"<p>[vc_row][vc_column width=&#8220;1\/3&#8243;][vc_column_text]Mgr. art. Michal Cic\u00e1k interierov\u00fd dizajn\u00e9r +421 908 329 986 cicak@atelier2011.sk &nbsp; Tibor \u0160imek obchod \/ vizualiz\u00e1cie +421 948 611 000 simek@atelier2011.sk[\/vc_column_text][\/vc_column][vc_column width=&#8220;1\/3&#8243;][vc_column_text][\/vc_column_text][vc_column_text] Kancel\u00e1ria atelier 20-11 N\u00e1dra\u017en\u00e1 34 900 [&hellip;]<\/p>\n","protected":false},"author":1,"featured_media":0,"parent":0,"menu_order":0,"comment_status":"closed","ping_status":"closed","template":"","meta":{"_mi_skip_tracking":false},"yoast_head":"<!-- This site is optimized with the Yoast SEO plugin v19.14 - https:\/\/yoast.com\/wordpress\/plugins\/seo\/ -->\n<title>- Atelier2011<\/title>\n<meta name=\"robots\" content=\"index, follow, max-snippet:-1, max-image-preview:large, max-video-preview:-1\" \/>\n<link rel=\"canonical\" href=\"https:\/\/atelier2011.sk\/?page_id=17\" \/>\n<meta property=\"og:locale\" content=\"sk_SK\" \/>\n<meta property=\"og:type\" content=\"article\" \/>\n<meta property=\"og:title\" content=\"- Atelier2011\" \/>\n<meta property=\"og:description\" content=\"[vc_row][vc_column width=&#8220;1\/3&#8243;][vc_column_text]Mgr. art. Michal Cic\u00e1k interierov\u00fd dizajn\u00e9r +421 908 329 986 cicak@atelier2011.sk &nbsp; Tibor \u0160imek obchod \/ vizualiz\u00e1cie +421 948 611 000 simek@atelier2011.sk[\/vc_column_text][\/vc_column][vc_column width=&#8220;1\/3&#8243;][vc_column_text][\/vc_column_text][vc_column_text] Kancel\u00e1ria atelier 20-11 N\u00e1dra\u017en\u00e1 34 900 [&hellip;]\" \/>\n<meta property=\"og:url\" content=\"https:\/\/atelier2011.sk\/?page_id=17\" \/>\n<meta property=\"og:site_name\" content=\"Atelier2011\" \/>\n<meta property=\"article:modified_time\" content=\"2022-10-30T18:38:11+00:00\" \/>\n<meta name=\"twitter:card\" content=\"summary_large_image\" \/>\n<meta name=\"twitter:label1\" content=\"Predpokladan\u00fd \u010das \u010d\u00edtania\" \/>\n\t<meta name=\"twitter:data1\" content=\"1 min\u00fata\" \/>\n<script type=\"application\/ld+json\" class=\"yoast-schema-graph\">{\"@context\":\"https:\/\/schema.org\",\"@graph\":[{\"@type\":\"WebPage\",\"@id\":\"https:\/\/atelier2011.sk\/?page_id=17\",\"url\":\"https:\/\/atelier2011.sk\/?page_id=17\",\"name\":\"- Atelier2011\",\"isPartOf\":{\"@id\":\"http:\/\/atelier2011.sk\/#website\"},\"datePublished\":\"2017-03-20T12:52:03+00:00\",\"dateModified\":\"2022-10-30T18:38:11+00:00\",\"inLanguage\":\"sk-SK\",\"potentialAction\":[{\"@type\":\"ReadAction\",\"target\":[\"https:\/\/atelier2011.sk\/?page_id=17\"]}]},{\"@type\":\"WebSite\",\"@id\":\"http:\/\/atelier2011.sk\/#website\",\"url\":\"http:\/\/atelier2011.sk\/\",\"name\":\"Atelier2011\",\"description\":\"\",\"publisher\":{\"@id\":\"http:\/\/atelier2011.sk\/#organization\"},\"potentialAction\":[{\"@type\":\"SearchAction\",\"target\":{\"@type\":\"EntryPoint\",\"urlTemplate\":\"http:\/\/atelier2011.sk\/?s={search_term_string}\"},\"query-input\":\"required name=search_term_string\"}],\"inLanguage\":\"sk-SK\"},{\"@type\":\"Organization\",\"@id\":\"http:\/\/atelier2011.sk\/#organization\",\"name\":\"Atelier2011\",\"url\":\"http:\/\/atelier2011.sk\/\",\"logo\":{\"@type\":\"ImageObject\",\"inLanguage\":\"sk-SK\",\"@id\":\"http:\/\/atelier2011.sk\/#\/schema\/logo\/image\/\",\"url\":\"http:\/\/atelier2011.sk\/wp-content\/uploads\/2018\/05\/Bez-n\u00e1zvu-1-logo-2.bmp\",\"contentUrl\":\"http:\/\/atelier2011.sk\/wp-content\/uploads\/2018\/05\/Bez-n\u00e1zvu-1-logo-2.bmp\",\"width\":187,\"height\":114,\"caption\":\"Atelier2011\"},\"image\":{\"@id\":\"http:\/\/atelier2011.sk\/#\/schema\/logo\/image\/\"}}]}<\/script>\n<!-- \/ Yoast SEO plugin. -->","yoast_head_json":{"title":"- Atelier2011","robots":{"index":"index","follow":"follow","max-snippet":"max-snippet:-1","max-image-preview":"max-image-preview:large","max-video-preview":"max-video-preview:-1"},"canonical":"https:\/\/atelier2011.sk\/?page_id=17","og_locale":"sk_SK","og_type":"article","og_title":"- Atelier2011","og_description":"[vc_row][vc_column width=&#8220;1\/3&#8243;][vc_column_text]Mgr. art. Michal Cic\u00e1k interierov\u00fd dizajn\u00e9r +421 908 329 986 cicak@atelier2011.sk &nbsp; Tibor \u0160imek obchod \/ vizualiz\u00e1cie +421 948 611 000 simek@atelier2011.sk[\/vc_column_text][\/vc_column][vc_column width=&#8220;1\/3&#8243;][vc_column_text][\/vc_column_text][vc_column_text] Kancel\u00e1ria atelier 20-11 N\u00e1dra\u017en\u00e1 34 900 [&hellip;]","og_url":"https:\/\/atelier2011.sk\/?page_id=17","og_site_name":"Atelier2011","article_modified_time":"2022-10-30T18:38:11+00:00","twitter_card":"summary_large_image","twitter_misc":{"Predpokladan\u00fd \u010das \u010d\u00edtania":"1 min\u00fata"},"schema":{"@context":"https:\/\/schema.org","@graph":[{"@type":"WebPage","@id":"https:\/\/atelier2011.sk\/?page_id=17","url":"https:\/\/atelier2011.sk\/?page_id=17","name":"- Atelier2011","isPartOf":{"@id":"http:\/\/atelier2011.sk\/#website"},"datePublished":"2017-03-20T12:52:03+00:00","dateModified":"2022-10-30T18:38:11+00:00","inLanguage":"sk-SK","potentialAction":[{"@type":"ReadAction","target":["https:\/\/atelier2011.sk\/?page_id=17"]}]},{"@type":"WebSite","@id":"http:\/\/atelier2011.sk\/#website","url":"http:\/\/atelier2011.sk\/","name":"Atelier2011","description":"","publisher":{"@id":"http:\/\/atelier2011.sk\/#organization"},"potentialAction":[{"@type":"SearchAction","target":{"@type":"EntryPoint","urlTemplate":"http:\/\/atelier2011.sk\/?s={search_term_string}"},"query-input":"required name=search_term_string"}],"inLanguage":"sk-SK"},{"@type":"Organization","@id":"http:\/\/atelier2011.sk\/#organization","name":"Atelier2011","url":"http:\/\/atelier2011.sk\/","logo":{"@type":"ImageObject","inLanguage":"sk-SK","@id":"http:\/\/atelier2011.sk\/#\/schema\/logo\/image\/","url":"http:\/\/atelier2011.sk\/wp-content\/uploads\/2018\/05\/Bez-n\u00e1zvu-1-logo-2.bmp","contentUrl":"http:\/\/atelier2011.sk\/wp-content\/uploads\/2018\/05\/Bez-n\u00e1zvu-1-logo-2.bmp","width":187,"height":114,"caption":"Atelier2011"},"image":{"@id":"http:\/\/atelier2011.sk\/#\/schema\/logo\/image\/"}}]}},"_links":{"self":[{"href":"http:\/\/atelier2011.sk\/index.php?rest_route=\/wp\/v2\/pages\/17"}],"collection":[{"href":"http:\/\/atelier2011.sk\/index.php?rest_route=\/wp\/v2\/pages"}],"about":[{"href":"http:\/\/atelier2011.sk\/index.php?rest_route=\/wp\/v2\/types\/page"}],"author":[{"embeddable":true,"href":"http:\/\/atelier2011.sk\/index.php?rest_route=\/wp\/v2\/users\/1"}],"replies":[{"embeddable":true,"href":"http:\/\/atelier2011.sk\/index.php?rest_route=%2Fwp%2Fv2%2Fcomments&post=17"}],"version-history":[{"count":6,"href":"http:\/\/atelier2011.sk\/index.php?rest_route=\/wp\/v2\/pages\/17\/revisions"}],"predecessor-version":[{"id":653,"href":"http:\/\/atelier2011.sk\/index.php?rest_route=\/wp\/v2\/pages\/17\/revisions\/653"}],"wp:attachment":[{"href":"http:\/\/atelier2011.sk\/index.php?rest_route=%2Fwp%2Fv2%2Fmedia&parent=17"}],"curies":[{"name":"wp","href":"https:\/\/api.w.org\/{rel}","templated":true}]}}